{"id":861,"date":"2025-03-04T14:09:39","date_gmt":"2025-03-04T12:09:39","guid":{"rendered":"https:\/\/www.ourcruises.com\/?page_id=861"},"modified":"2025-04-29T11:09:18","modified_gmt":"2025-04-29T09:09:18","slug":"politica-sulla-riservatezza","status":"publish","type":"page","link":"https:\/\/www.ourcruises.com\/it\/politica-sulla-riservatezza\/","title":{"rendered":"Politica sulla riservatezza"},"content":{"rendered":"<section class=\"l-section wpb_row height_medium\"><div class=\"l-section-h i-cf\"><div class=\"g-cols vc_row via_flex valign_top type_default stacking_default\"><div class=\"vc_col-sm-12 wpb_column vc_column_container\"><div class=\"vc_column-inner\"><div class=\"wpb_wrapper\">[vc_custom_heading text=&#8221;Politica sulla riservatezza&#8221; font_container=&#8221;tag:h1|text_align:left&#8221; google_fonts=&#8221;font_family:segoe-script%3Aregular|font_style:400%20regular%3A400%3Anormal&#8221; css=&#8221;%7B%22default%22%3A%7B%22font-weight%22%3A%22700%22%7D%7D&#8221;]<div class=\"wpb_text_column\"><div class=\"wpb_wrapper\"><p>L&#8217;Informativa sulla privacy del nostro sito web www.ourcruises.com sulla protezione dei dati personali fornisce informazioni dettagliate su quando e perch\u00e9 raccogliamo i tuoi dati personali, come li utilizziamo e li trattiamo.<\/p>\n<p><strong>Dati personali<\/strong><\/p>\n<p>Per avviare qualsiasi transazione con il sito web www.ourcruises.com, \u00e8 necessario fornire alcuni dati personali, che vengono raccolti per motivi di sicurezza e per completare l&#8217;ordine. Le informazioni che devono essere fornite sono le seguenti:<\/p>\n<ul>\n<li>Nome<\/li>\n<li>Indirizzo<\/li>\n<li>Numero di telefono<\/li>\n<li>Indirizzo email<\/li>\n<\/ul>\n<p>Le informazioni di cui sopra vengono raccolte e conservate in un file di dati personali, in conformit\u00e0 con il Regolamento generale sulla protezione dei dati personali 2016\/679\/UE e in generale con la legislazione greca ed europea, nel rispetto di tutte le norme di sicurezza richieste e previste per tale file.<\/p>\n<p><strong>Come trattiamo i tuoi dati personali<\/strong><\/p>\n<ul>\n<li>Elaborazione di ordini e pagamenti per prodotti e servizi acquistati o per rimborsi.<\/li>\n<li>Possibili azioni promozionali relative ai nostri prodotti e servizi (coupon).<\/li>\n<li>Comunicazioni via email tramite il modulo di contatto.<\/li>\n<\/ul>\n<p><strong>Sicurezza dei dati<\/strong><\/p>\n<p>I dati che fornisci nel nostro negozio online non vengono in nessun caso divulgati a terzi e non vengono utilizzati per scopi diversi dal completamento dell&#8217;acquisto dei prodotti desiderati, a meno che ci\u00f2 non sia imposto da un&#8217;Autorit\u00e0 Pubblica e, in generale, per l&#8217;adempimento dei nostri obblighi di legge.<\/p>\n<p>Se desideri ulteriori informazioni, puoi contattarci.<\/p>\n<p><strong>Informativa sui cookie<\/strong><\/p>\n<p>Per garantire il corretto funzionamento del sito web, a volte installiamo piccoli file di dati sul tuo computer, i cosiddetti &#8220;cookie&#8221;.<\/p>\n<p><strong>Cosa sono i cookie?<\/strong><\/p>\n<p>I cookie sono piccoli file di testo che un sito web memorizza sul tuo computer o dispositivo mobile quando lo visiti. Ci\u00f2 consente al sito web di ricordare le tue azioni e preferenze (come password di accesso, lingua, dimensione del carattere e altre preferenze di visualizzazione) per un certo periodo di tempo, in modo che tu non debba inserirle ogni volta che visiti il sito web o ne navighi le pagine. Per ulteriori informazioni sui cookie, leggi l&#8217;articolo di Wikipedia.<\/p>\n<p><strong>Come utilizziamo i cookie?<\/strong><\/p>\n<p>Utilizziamo i cookie per una serie di motivi, descritti di seguito. Purtroppo, nella maggior parte dei casi non esistono opzioni standard per disabilitare i cookie senza disattivare completamente le funzionalit\u00e0 del sito web.<\/p>\n<p>Si consiglia di lasciare tutti i cookie se non si \u00e8 sicuri di averne bisogno o meno, nel caso in cui vengano utilizzati per fornire un servizio che si utilizza.<\/p>\n<p><strong>I cookie che utilizziamo<\/strong><\/p>\n<ul>\n<li><strong>Cookie relativi all&#8217;account<\/strong><\/li>\n<\/ul>\n<p>Utilizziamo i cookie quando si effettua l&#8217;accesso per ricordarlo in modo che non sia necessario effettuare l&#8217;accesso ogni volta che si visita una nuova pagina sul nostro sito web. Questi cookie vengono solitamente rimossi o eliminati quando si effettua il logout per garantire l&#8217;accesso a determinate aree e funzionalit\u00e0 quando si \u00e8 connessi.<\/p>\n<ul>\n<li><strong>Cookie relativi ai tuoi ordini<\/strong><\/li>\n<\/ul>\n<p>Questo sito web offre la possibilit\u00e0 di acquistare online e alcuni cookie sono essenziali per la corretta elaborazione del tuo ordine.<\/p>\n<ul>\n<li><strong>Google Analytics<\/strong><\/li>\n<\/ul>\n<p>Questo sito web utilizza Google Analytics, una delle soluzioni di analisi pi\u00f9 utilizzate e affidabili sul web, per aiutarci a capire come utilizzi il sito web e come possiamo migliorare la tua esperienza.<\/p>\n<p>Questi cookie possono tracciare dati come il tempo che trascorri sul nostro sito web e le pagine che visiti, in modo da poter continuare a creare contenuti interessanti. Per ulteriori informazioni sui cookie di Google Analytics, consultare la pagina ufficiale di Google Analytics.<\/p>\n<p><strong>Disattivazione dei cookie<\/strong><\/p>\n<p>\u00c8 possibile impedire l&#8217;impostazione dei cookie modificando le impostazioni del browser (per farlo, consultare la Guida del browser). Si prega di notare che la disattivazione dei cookie influir\u00e0 sulla funzionalit\u00e0 di questo sito web e di molti altri siti web visitati. Pertanto, si consiglia di non disattivare i cookie.<\/p>\n<p><strong>Ulteriori informazioni<\/strong><\/p>\n<p>Ci auguriamo che quanto sopra riportato abbia chiarito alcuni aspetti e, come accennato in precedenza, in caso di dubbi, \u00e8 solitamente pi\u00f9 sicuro lasciare i cookie abilitati, nel caso in cui interagiscano con alcune delle funzionalit\u00e0 utilizzate sul nostro sito web.<\/p>\n<p>Tuttavia, se si desidera ottenere ulteriori informazioni, \u00e8 possibile contattarci.<\/p>\n<\/div><\/div><\/div><\/div><\/div><\/div><\/div><\/section>\n","protected":false},"excerpt":{"rendered":"[vc_custom_heading text=\"Politica sulla riservatezza\" font_container=\"tag:h1|text_align:left\" google_fonts=\"font_family:segoe-script%3Aregular|font_style:400%20regular%3A400%3Anormal\" css=\"%7B%22default%22%3A%7B%22font-weight%22%3A%22700%22%7D%7D\"]L&#8217;Informativa sulla privacy del nostro sito web www.ourcruises.com sulla protezione dei dati personali fornisce informazioni dettagliate su quando e perch\u00e9 raccogliamo i tuoi dati personali, come li utilizziamo e li trattiamo. Dati personali Per avviare qualsiasi transazione con il sito web www.ourcruises.com, \u00e8 necessario fornire alcuni dati personali, che...","protected":false},"author":27,"featured_media":0,"parent":0,"menu_order":0,"comment_status":"closed","ping_status":"closed","template":"","meta":{"footnotes":""},"class_list":["post-861","page","type-page","status-publish","hentry"],"_links":{"self":[{"href":"https:\/\/www.ourcruises.com\/it\/wp-json\/wp\/v2\/pages\/861","targetHints":{"allow":["GET"]}}],"collection":[{"href":"https:\/\/www.ourcruises.com\/it\/wp-json\/wp\/v2\/pages"}],"about":[{"href":"https:\/\/www.ourcruises.com\/it\/wp-json\/wp\/v2\/types\/page"}],"author":[{"embeddable":true,"href":"https:\/\/www.ourcruises.com\/it\/wp-json\/wp\/v2\/users\/27"}],"replies":[{"embeddable":true,"href":"https:\/\/www.ourcruises.com\/it\/wp-json\/wp\/v2\/comments?post=861"}],"version-history":[{"count":5,"href":"https:\/\/www.ourcruises.com\/it\/wp-json\/wp\/v2\/pages\/861\/revisions"}],"predecessor-version":[{"id":1203,"href":"https:\/\/www.ourcruises.com\/it\/wp-json\/wp\/v2\/pages\/861\/revisions\/1203"}],"wp:attachment":[{"href":"https:\/\/www.ourcruises.com\/it\/wp-json\/wp\/v2\/media?parent=861"}],"curies":[{"name":"wp","href":"https:\/\/api.w.org\/{rel}","templated":true}]}}