{"id":845,"date":"2025-03-06T13:27:27","date_gmt":"2025-03-06T11:27:27","guid":{"rendered":"https:\/\/www.ourcruises.com\/?page_id=845"},"modified":"2025-05-18T19:50:14","modified_gmt":"2025-05-18T16:50:14","slug":"capitano","status":"publish","type":"page","link":"https:\/\/www.ourcruises.com\/it\/capitano\/","title":{"rendered":"Capitano"},"content":{"rendered":"<section class=\"l-section wpb_row height_medium\"><div class=\"l-section-h i-cf\"><div class=\"g-cols vc_row via_flex valign_middle type_default reversed stacking_default\"><div class=\"vc_col-sm-6 wpb_column vc_column_container\"><div class=\"vc_column-inner\"><div class=\"wpb_wrapper\"><div class=\"w-image us_custom_35266cd3 align_none\"><div class=\"w-image-h\"><img decoding=\"async\" width=\"683\" height=\"1024\" src=\"https:\/\/www.ourcruises.com\/wp-content\/uploads\/2025\/04\/2W6A3321-683x1024.jpg\" class=\"attachment-large size-large\" alt=\"Captain Manos\" loading=\"lazy\" srcset=\"https:\/\/www.ourcruises.com\/wp-content\/uploads\/2025\/04\/2W6A3321-683x1024.jpg 683w, https:\/\/www.ourcruises.com\/wp-content\/uploads\/2025\/04\/2W6A3321-200x300.jpg 200w, https:\/\/www.ourcruises.com\/wp-content\/uploads\/2025\/04\/2W6A3321-600x900.jpg 600w, https:\/\/www.ourcruises.com\/wp-content\/uploads\/2025\/04\/2W6A3321-scaled.jpg 1707w\" sizes=\"auto, (max-width: 683px) 100vw, 683px\" \/><\/div><\/div><\/div><\/div><\/div><div class=\"vc_col-sm-6 wpb_column vc_column_container\"><div class=\"vc_column-inner us_custom_95cabc74\"><div class=\"wpb_wrapper\">[vc_custom_heading text=&#8221;Incontra il Capitano&#8221; font_container=&#8221;tag:h1|text_align:left&#8221; google_fonts=&#8221;font_family:segoe-script%3Aregular|font_style:400%20regular%3A400%3Anormal&#8221; css=&#8221;%7B%22default%22%3A%7B%22font-weight%22%3A%22700%22%7D%7D&#8221;]<div class=\"wpb_text_column us_custom_af6a9b6a\"><div class=\"wpb_wrapper\"><p>Manos \u00e8 un uomo che ha seguito il suo cuore e ha trasformato la sua passione in uno stile di vita.<\/p>\n<\/div><\/div><div class=\"wpb_text_column\"><div class=\"wpb_wrapper\"><p>Sebbene abbia studiato informatica all\u2019Universit\u00e0 di Patrasso e abbia lavorato nel Parlamento Ellenico, l\u2019amore per il mare e le imbarcazioni a motore, iniziato nella sua infanzia, non ha mai smesso di essere l\u2019asse centrale della sua vita.<\/p>\n<\/div><\/div><div class=\"wpb_text_column\"><div class=\"wpb_wrapper\"><p>A 22 anni ha ricevuto la licenza di Capitano e da allora non ha mai smesso di inseguire le onde.<br \/>\nLa sua esperienza in mare \u00e8 accompagnata da una crescita costante, poich\u00e9 ha posseduto diverse imbarcazioni fin dalla giovane et\u00e0. Finalmente il suo sogno si realizza grazie all\u2019acquisizione di un\u2019imbarcazione professionale che gli ha permesso di fare del suo amore per il mare la sua professione.<\/p>\n<\/div><\/div><div class=\"wpb_text_column\"><div class=\"wpb_wrapper\"><p>Manos \u00e8 una persona particolarmente socievole, piacevole e generosa. Si distingue per la sua flessibilit\u00e0 e la sua profonda dedizione alla sicurezza e al benessere dei suoi clienti.<br \/>\nIl mare non \u00e8 solo l\u2019ambiente in cui lavora, ma \u00e8 soprattutto l\u2019elemento che lo ispira e gli d\u00e0 l\u2019energia per vivere la vita che ha sempre sognato !<\/p>\n<\/div><\/div><\/div><\/div><\/div><\/div><\/div><\/section>\n","protected":false},"excerpt":{"rendered":"[vc_custom_heading text=\"Incontra il Capitano\" font_container=\"tag:h1|text_align:left\" google_fonts=\"font_family:segoe-script%3Aregular|font_style:400%20regular%3A400%3Anormal\" css=\"%7B%22default%22%3A%7B%22font-weight%22%3A%22700%22%7D%7D\"]Manos \u00e8 un uomo che ha seguito il suo cuore e ha trasformato la sua passione in uno stile di vita. Sebbene abbia studiato informatica all\u2019Universit\u00e0 di Patrasso e abbia lavorato nel Parlamento Ellenico, l\u2019amore per il mare e le imbarcazioni a motore, iniziato nella sua infanzia, non ha...","protected":false},"author":27,"featured_media":0,"parent":0,"menu_order":0,"comment_status":"closed","ping_status":"closed","template":"","meta":{"footnotes":""},"class_list":["post-845","page","type-page","status-publish","hentry"],"_links":{"self":[{"href":"https:\/\/www.ourcruises.com\/it\/wp-json\/wp\/v2\/pages\/845","targetHints":{"allow":["GET"]}}],"collection":[{"href":"https:\/\/www.ourcruises.com\/it\/wp-json\/wp\/v2\/pages"}],"about":[{"href":"https:\/\/www.ourcruises.com\/it\/wp-json\/wp\/v2\/types\/page"}],"author":[{"embeddable":true,"href":"https:\/\/www.ourcruises.com\/it\/wp-json\/wp\/v2\/users\/27"}],"replies":[{"embeddable":true,"href":"https:\/\/www.ourcruises.com\/it\/wp-json\/wp\/v2\/comments?post=845"}],"version-history":[{"count":12,"href":"https:\/\/www.ourcruises.com\/it\/wp-json\/wp\/v2\/pages\/845\/revisions"}],"predecessor-version":[{"id":2824,"href":"https:\/\/www.ourcruises.com\/it\/wp-json\/wp\/v2\/pages\/845\/revisions\/2824"}],"wp:attachment":[{"href":"https:\/\/www.ourcruises.com\/it\/wp-json\/wp\/v2\/media?parent=845"}],"curies":[{"name":"wp","href":"https:\/\/api.w.org\/{rel}","templated":true}]}}